{"id":18,"date":"2025-06-13T21:18:28","date_gmt":"2025-06-13T21:18:28","guid":{"rendered":"http:\/\/bodrumotopark.com.tr\/?page_id=18"},"modified":"2025-06-13T22:43:52","modified_gmt":"2025-06-13T22:43:52","slug":"galeri","status":"publish","type":"page","link":"http:\/\/bodrumotopark.com.tr\/index.php\/galeri\/","title":{"rendered":"Galeri"},"content":{"rendered":"\n<figure class=\"wp-block-gallery has-nested-images columns-default is-cropped wp-block-gallery-1 is-layout-flex wp-block-gallery-is-layout-flex\">\n<figure class=\"wp-block-image size-large\"><img loading=\"lazy\" decoding=\"async\" width=\"1024\" height=\"682\" data-id=\"11\" src=\"http:\/\/bodrumotopark.com.tr\/wp-content\/uploads\/2025\/06\/361560570_189623650756516_5235261616242518290_n-1024x682.jpg\" alt=\"\" class=\"wp-image-11\" srcset=\"http:\/\/bodrumotopark.com.tr\/wp-content\/uploads\/2025\/06\/361560570_189623650756516_5235261616242518290_n-1024x682.jpg 1024w, http:\/\/bodrumotopark.com.tr\/wp-content\/uploads\/2025\/06\/361560570_189623650756516_5235261616242518290_n-300x200.jpg 300w, http:\/\/bodrumotopark.com.tr\/wp-content\/uploads\/2025\/06\/361560570_189623650756516_5235261616242518290_n-768x511.jpg 768w, http:\/\/bodrumotopark.com.tr\/wp-content\/uploads\/2025\/06\/361560570_189623650756516_5235261616242518290_n.jpg 1080w\" sizes=\"auto, (max-width: 1024px) 100vw, 1024px\" \/><\/figure>\n\n\n\n<figure class=\"wp-block-image size-large\"><img loading=\"lazy\" decoding=\"async\" width=\"1000\" height=\"662\" data-id=\"12\" src=\"http:\/\/bodrumotopark.com.tr\/wp-content\/uploads\/2025\/06\/boat-storage.jpg\" alt=\"\" class=\"wp-image-12\" srcset=\"http:\/\/bodrumotopark.com.tr\/wp-content\/uploads\/2025\/06\/boat-storage.jpg 1000w, http:\/\/bodrumotopark.com.tr\/wp-content\/uploads\/2025\/06\/boat-storage-300x199.jpg 300w, http:\/\/bodrumotopark.com.tr\/wp-content\/uploads\/2025\/06\/boat-storage-768x508.jpg 768w\" sizes=\"auto, (max-width: 1000px) 100vw, 1000px\" \/><\/figure>\n\n\n\n<figure class=\"wp-block-image size-large\"><img loading=\"lazy\" decoding=\"async\" width=\"750\" height=\"729\" data-id=\"13\" src=\"http:\/\/bodrumotopark.com.tr\/wp-content\/uploads\/2025\/06\/299541744_766809991205157_2978952092597515326_n.jpg\" alt=\"\" class=\"wp-image-13\" srcset=\"http:\/\/bodrumotopark.com.tr\/wp-content\/uploads\/2025\/06\/299541744_766809991205157_2978952092597515326_n.jpg 750w, http:\/\/bodrumotopark.com.tr\/wp-content\/uploads\/2025\/06\/299541744_766809991205157_2978952092597515326_n-300x292.jpg 300w\" sizes=\"auto, (max-width: 750px) 100vw, 750px\" \/><\/figure>\n<\/figure>\n","protected":false},"excerpt":{"rendered":"","protected":false},"author":1,"featured_media":0,"parent":0,"menu_order":0,"comment_status":"closed","ping_status":"closed","template":"","meta":{"footnotes":""},"class_list":["post-18","page","type-page","status-publish","hentry"],"yoast_head":"<!-- This site is optimized with the Yoast SEO plugin v25.6 - https:\/\/yoast.com\/wordpress\/plugins\/seo\/ -->\r\n<title>Galeri - Bodrum Otopark<\/title>\r\n<meta name=\"robots\" content=\"index, follow, max-snippet:-1, max-image-preview:large, max-video-preview:-1\" \/>\r\n<link rel=\"canonical\" href=\"http:\/\/bodrumotopark.com.tr\/index.php\/galeri\/\" \/>\r\n<meta property=\"og:locale\" content=\"tr_TR\" \/>\r\n<meta property=\"og:type\" content=\"article\" \/>\r\n<meta property=\"og:title\" content=\"Galeri - Bodrum Otopark\" \/>\r\n<meta property=\"og:url\" content=\"http:\/\/bodrumotopark.com.tr\/index.php\/galeri\/\" \/>\r\n<meta property=\"og:site_name\" content=\"Bodrum Otopark\" \/>\r\n<meta property=\"article:publisher\" content=\"https:\/\/www.facebook.com\/bodrumotopark\" \/>\r\n<meta property=\"article:modified_time\" content=\"2025-06-13T22:43:52+00:00\" \/>\r\n<meta property=\"og:image\" content=\"http:\/\/bodrumotopark.com.tr\/wp-content\/uploads\/2025\/06\/361560570_189623650756516_5235261616242518290_n.jpg\" \/>\r\n\t<meta property=\"og:image:width\" content=\"1080\" \/>\r\n\t<meta property=\"og:image:height\" content=\"719\" \/>\r\n\t<meta property=\"og:image:type\" content=\"image\/jpeg\" \/>\r\n<meta name=\"twitter:card\" content=\"summary_large_image\" \/>\r\n<meta name=\"twitter:label1\" content=\"Tahmini okuma s\u00fcresi\" \/>\n\t<meta name=\"twitter:data1\" content=\"1 dakika\" \/>\r\n<script type=\"application\/ld+json\" class=\"yoast-schema-graph\">{\"@context\":\"https:\/\/schema.org\",\"@graph\":[{\"@type\":\"WebPage\",\"@id\":\"http:\/\/bodrumotopark.com.tr\/index.php\/galeri\/\",\"url\":\"http:\/\/bodrumotopark.com.tr\/index.php\/galeri\/\",\"name\":\"Galeri - Bodrum Otopark\",\"isPartOf\":{\"@id\":\"http:\/\/bodrumotopark.com.tr\/#website\"},\"primaryImageOfPage\":{\"@id\":\"http:\/\/bodrumotopark.com.tr\/index.php\/galeri\/#primaryimage\"},\"image\":{\"@id\":\"http:\/\/bodrumotopark.com.tr\/index.php\/galeri\/#primaryimage\"},\"thumbnailUrl\":\"http:\/\/bodrumotopark.com.tr\/wp-content\/uploads\/2025\/06\/361560570_189623650756516_5235261616242518290_n-1024x682.jpg\",\"datePublished\":\"2025-06-13T21:18:28+00:00\",\"dateModified\":\"2025-06-13T22:43:52+00:00\",\"breadcrumb\":{\"@id\":\"http:\/\/bodrumotopark.com.tr\/index.php\/galeri\/#breadcrumb\"},\"inLanguage\":\"tr\",\"potentialAction\":[{\"@type\":\"ReadAction\",\"target\":[\"http:\/\/bodrumotopark.com.tr\/index.php\/galeri\/\"]}]},{\"@type\":\"ImageObject\",\"inLanguage\":\"tr\",\"@id\":\"http:\/\/bodrumotopark.com.tr\/index.php\/galeri\/#primaryimage\",\"url\":\"http:\/\/bodrumotopark.com.tr\/wp-content\/uploads\/2025\/06\/361560570_189623650756516_5235261616242518290_n.jpg\",\"contentUrl\":\"http:\/\/bodrumotopark.com.tr\/wp-content\/uploads\/2025\/06\/361560570_189623650756516_5235261616242518290_n.jpg\",\"width\":1080,\"height\":719},{\"@type\":\"BreadcrumbList\",\"@id\":\"http:\/\/bodrumotopark.com.tr\/index.php\/galeri\/#breadcrumb\",\"itemListElement\":[{\"@type\":\"ListItem\",\"position\":1,\"name\":\"Anasayfa\",\"item\":\"http:\/\/bodrumotopark.com.tr\/\"},{\"@type\":\"ListItem\",\"position\":2,\"name\":\"Galeri\"}]},{\"@type\":\"WebSite\",\"@id\":\"http:\/\/bodrumotopark.com.tr\/#website\",\"url\":\"http:\/\/bodrumotopark.com.tr\/\",\"name\":\"Bodrum Otopark\",\"description\":\"Yolda Kal\u0131rsan\u0131z Biz Var\u0131z!\",\"potentialAction\":[{\"@type\":\"SearchAction\",\"target\":{\"@type\":\"EntryPoint\",\"urlTemplate\":\"http:\/\/bodrumotopark.com.tr\/?s={search_term_string}\"},\"query-input\":{\"@type\":\"PropertyValueSpecification\",\"valueRequired\":true,\"valueName\":\"search_term_string\"}}],\"inLanguage\":\"tr\"}]}<\/script>\r\n<!-- \/ Yoast SEO plugin. -->","yoast_head_json":{"title":"Galeri - Bodrum Otopark","robots":{"index":"index","follow":"follow","max-snippet":"max-snippet:-1","max-image-preview":"max-image-preview:large","max-video-preview":"max-video-preview:-1"},"canonical":"http:\/\/bodrumotopark.com.tr\/index.php\/galeri\/","og_locale":"tr_TR","og_type":"article","og_title":"Galeri - Bodrum Otopark","og_url":"http:\/\/bodrumotopark.com.tr\/index.php\/galeri\/","og_site_name":"Bodrum Otopark","article_publisher":"https:\/\/www.facebook.com\/bodrumotopark","article_modified_time":"2025-06-13T22:43:52+00:00","og_image":[{"width":1080,"height":719,"url":"http:\/\/bodrumotopark.com.tr\/wp-content\/uploads\/2025\/06\/361560570_189623650756516_5235261616242518290_n.jpg","type":"image\/jpeg"}],"twitter_card":"summary_large_image","twitter_misc":{"Tahmini okuma s\u00fcresi":"1 dakika"},"schema":{"@context":"https:\/\/schema.org","@graph":[{"@type":"WebPage","@id":"http:\/\/bodrumotopark.com.tr\/index.php\/galeri\/","url":"http:\/\/bodrumotopark.com.tr\/index.php\/galeri\/","name":"Galeri - Bodrum Otopark","isPartOf":{"@id":"http:\/\/bodrumotopark.com.tr\/#website"},"primaryImageOfPage":{"@id":"http:\/\/bodrumotopark.com.tr\/index.php\/galeri\/#primaryimage"},"image":{"@id":"http:\/\/bodrumotopark.com.tr\/index.php\/galeri\/#primaryimage"},"thumbnailUrl":"http:\/\/bodrumotopark.com.tr\/wp-content\/uploads\/2025\/06\/361560570_189623650756516_5235261616242518290_n-1024x682.jpg","datePublished":"2025-06-13T21:18:28+00:00","dateModified":"2025-06-13T22:43:52+00:00","breadcrumb":{"@id":"http:\/\/bodrumotopark.com.tr\/index.php\/galeri\/#breadcrumb"},"inLanguage":"tr","potentialAction":[{"@type":"ReadAction","target":["http:\/\/bodrumotopark.com.tr\/index.php\/galeri\/"]}]},{"@type":"ImageObject","inLanguage":"tr","@id":"http:\/\/bodrumotopark.com.tr\/index.php\/galeri\/#primaryimage","url":"http:\/\/bodrumotopark.com.tr\/wp-content\/uploads\/2025\/06\/361560570_189623650756516_5235261616242518290_n.jpg","contentUrl":"http:\/\/bodrumotopark.com.tr\/wp-content\/uploads\/2025\/06\/361560570_189623650756516_5235261616242518290_n.jpg","width":1080,"height":719},{"@type":"BreadcrumbList","@id":"http:\/\/bodrumotopark.com.tr\/index.php\/galeri\/#breadcrumb","itemListElement":[{"@type":"ListItem","position":1,"name":"Anasayfa","item":"http:\/\/bodrumotopark.com.tr\/"},{"@type":"ListItem","position":2,"name":"Galeri"}]},{"@type":"WebSite","@id":"http:\/\/bodrumotopark.com.tr\/#website","url":"http:\/\/bodrumotopark.com.tr\/","name":"Bodrum Otopark","description":"Yolda Kal\u0131rsan\u0131z Biz Var\u0131z!","potentialAction":[{"@type":"SearchAction","target":{"@type":"EntryPoint","urlTemplate":"http:\/\/bodrumotopark.com.tr\/?s={search_term_string}"},"query-input":{"@type":"PropertyValueSpecification","valueRequired":true,"valueName":"search_term_string"}}],"inLanguage":"tr"}]}},"_links":{"self":[{"href":"http:\/\/bodrumotopark.com.tr\/index.php\/wp-json\/wp\/v2\/pages\/18","targetHints":{"allow":["GET"]}}],"collection":[{"href":"http:\/\/bodrumotopark.com.tr\/index.php\/wp-json\/wp\/v2\/pages"}],"about":[{"href":"http:\/\/bodrumotopark.com.tr\/index.php\/wp-json\/wp\/v2\/types\/page"}],"author":[{"embeddable":true,"href":"http:\/\/bodrumotopark.com.tr\/index.php\/wp-json\/wp\/v2\/users\/1"}],"replies":[{"embeddable":true,"href":"http:\/\/bodrumotopark.com.tr\/index.php\/wp-json\/wp\/v2\/comments?post=18"}],"version-history":[{"count":0,"href":"http:\/\/bodrumotopark.com.tr\/index.php\/wp-json\/wp\/v2\/pages\/18\/revisions"}],"wp:attachment":[{"href":"http:\/\/bodrumotopark.com.tr\/index.php\/wp-json\/wp\/v2\/media?parent=18"}],"curies":[{"name":"wp","href":"https:\/\/api.w.org\/{rel}","templated":true}]}}